{"id":76,"date":"2015-06-20T00:17:29","date_gmt":"2015-06-19T22:17:29","guid":{"rendered":"http:\/\/christian-kirchmeier.de\/?page_id=76"},"modified":"2023-11-03T13:47:07","modified_gmt":"2023-11-03T11:47:07","slug":"lehre-2","status":"publish","type":"page","link":"https:\/\/christian-kirchmeier.de\/?page_id=76","title":{"rendered":"Lehre"},"content":{"rendered":"<h2>Skizzen zur Einf\u00fchrung in die NDL (LMU M\u00fcnchen)<\/h2>\n<p>Die PDF-Datei mit den gesammelten Handouts f\u00fcr das Einf\u00fchrungsseminar in die NDL an der LMU M\u00fcnchen finden Sie <a href=\"https:\/\/christian-kirchmeier.de\/?page_id=271\">hier<\/a>.<\/p>\n<hr \/>\n<h2>Merkbl\u00e4tter<\/h2>\n<p>Bitte beachten Sie die allgemeinen Hinweise zu den\u00a0<a href=\"https:\/\/christian-kirchmeier.de\/wp-content\/uploads\/2015\/06\/Seminararbeit.pdf\">Seminararbeiten<\/a>\u00a0sowie zum Erstellen einer\u00a0<a href=\"https:\/\/christian-kirchmeier.de\/wp-content\/uploads\/2015\/06\/Bibliographieren.pdf\">Bibliographie<\/a>!<\/p>\n<hr \/>\n<h2>Abschlussarbeiten<\/h2>\n<p>Wenn Sie einen Betreuer f\u00fcr Ihre Abschlussarbeit\u00a0suchen, kommen Sie gerne &#8211; und m\u00f6glichst fr\u00fchzeitig &#8211; in eine Sprechstunde. Bitte achten Sie selbst\u00e4ndig darauf, dass Sie die Fristen des Pr\u00fcfungsamtes zur Anmeldung und Abgabe der Arbeit einhalten.<\/p>\n","protected":false},"excerpt":{"rendered":"<p>Skizzen zur Einf\u00fchrung in die NDL (LMU M\u00fcnchen) Die PDF-Datei mit den gesammelten Handouts f\u00fcr das Einf\u00fchrungsseminar in die NDL an der LMU M\u00fcnchen finden Sie hier. Merkbl\u00e4tter Bitte beachten Sie die allgemeinen Hinweise zu den\u00a0Seminararbeiten\u00a0sowie zum Erstellen einer\u00a0Bibliographie! Abschlussarbeiten Wenn Sie einen Betreuer f\u00fcr Ihre Abschlussarbeit\u00a0suchen, kommen Sie gerne &#8211; und m\u00f6glichst fr\u00fchzeitig &#8211;&#8230;<\/p>\n","protected":false},"author":1,"featured_media":0,"parent":0,"menu_order":0,"comment_status":"closed","ping_status":"closed","template":"","meta":{"footnotes":""},"class_list":["post-76","page","type-page","status-publish","hentry"],"_links":{"self":[{"href":"https:\/\/christian-kirchmeier.de\/index.php?rest_route=\/wp\/v2\/pages\/76","targetHints":{"allow":["GET"]}}],"collection":[{"href":"https:\/\/christian-kirchmeier.de\/index.php?rest_route=\/wp\/v2\/pages"}],"about":[{"href":"https:\/\/christian-kirchmeier.de\/index.php?rest_route=\/wp\/v2\/types\/page"}],"author":[{"embeddable":true,"href":"https:\/\/christian-kirchmeier.de\/index.php?rest_route=\/wp\/v2\/users\/1"}],"replies":[{"embeddable":true,"href":"https:\/\/christian-kirchmeier.de\/index.php?rest_route=%2Fwp%2Fv2%2Fcomments&post=76"}],"version-history":[{"count":13,"href":"https:\/\/christian-kirchmeier.de\/index.php?rest_route=\/wp\/v2\/pages\/76\/revisions"}],"predecessor-version":[{"id":558,"href":"https:\/\/christian-kirchmeier.de\/index.php?rest_route=\/wp\/v2\/pages\/76\/revisions\/558"}],"wp:attachment":[{"href":"https:\/\/christian-kirchmeier.de\/index.php?rest_route=%2Fwp%2Fv2%2Fmedia&parent=76"}],"curies":[{"name":"wp","href":"https:\/\/api.w.org\/{rel}","templated":true}]}}