{"id":65,"date":"2015-06-18T15:49:54","date_gmt":"2015-06-18T13:49:54","guid":{"rendered":"http:\/\/christian-kirchmeier.de\/?page_id=65"},"modified":"2025-06-16T17:33:13","modified_gmt":"2025-06-16T15:33:13","slug":"zweite-seite","status":"publish","type":"page","link":"https:\/\/christian-kirchmeier.de\/?page_id=65","title":{"rendered":"Person"},"content":{"rendered":"\n<h2 class=\"wp-block-heading\">Vita<\/h2>\n\n\n<div class=\"wp-block-image\">\n<figure class=\"alignright size-large is-resized\"><a href=\"https:\/\/christian-kirchmeier.de\/wp-content\/uploads\/2025\/06\/Kirchmeier_Buero.jpg\"><img loading=\"lazy\" decoding=\"async\" width=\"700\" height=\"525\" src=\"https:\/\/christian-kirchmeier.de\/wp-content\/uploads\/2025\/06\/Kirchmeier_Buero-700x525.jpg\" alt=\"\" class=\"wp-image-593\" style=\"width:368px;height:auto\" srcset=\"https:\/\/christian-kirchmeier.de\/wp-content\/uploads\/2025\/06\/Kirchmeier_Buero-700x525.jpg 700w, https:\/\/christian-kirchmeier.de\/wp-content\/uploads\/2025\/06\/Kirchmeier_Buero-300x225.jpg 300w, https:\/\/christian-kirchmeier.de\/wp-content\/uploads\/2025\/06\/Kirchmeier_Buero-768x576.jpg 768w, https:\/\/christian-kirchmeier.de\/wp-content\/uploads\/2025\/06\/Kirchmeier_Buero-1536x1152.jpg 1536w, https:\/\/christian-kirchmeier.de\/wp-content\/uploads\/2025\/06\/Kirchmeier_Buero-800x600.jpg 800w, https:\/\/christian-kirchmeier.de\/wp-content\/uploads\/2025\/06\/Kirchmeier_Buero-80x60.jpg 80w, https:\/\/christian-kirchmeier.de\/wp-content\/uploads\/2025\/06\/Kirchmeier_Buero.jpg 1770w\" sizes=\"auto, (max-width: 700px) 100vw, 700px\" \/><\/a><figcaption class=\"wp-element-caption\">\u00a9 Universit\u00e4t Bremen \/ Patrick Pollmeier<\/figcaption><\/figure><\/div>\n\n\n<ul class=\"wp-block-list\">\n<li>seit 10\/2023 W3-Professor f\u00fcr Neuere deutsche Literaturwissenschaft, 17.\u201319. Jahrhundert, an der Universit\u00e4t Bremen<\/li>\n\n\n\n<li>10\/2019\u201309\/2023 Assistant Professor f\u00fcr Europ\u00e4ische Kultur und Literatur mit Schwerpunkt auf deutscher Literatur an der Universit\u00e4t Groningen<\/li>\n\n\n\n<li>10\/2021 Habilitation an der LMU M\u00fcnchen, <em>venia legendi<\/em>: Neuere deutsche Literatur<\/li>\n\n\n\n<li>04\/2013\u201309\/2019 Akademischer Rat auf Zeit am Institut f\u00fcr deutsche Philologie der LMU M\u00fcnchen<\/li>\n\n\n\n<li>08\/2017\u201307\/2018 Visiting scholar an der Yale University<\/li>\n\n\n\n<li>03\u201305\/2017 Visiting scholar an der University of California, Berkeley<\/li>\n\n\n\n<li>04\u201309\/2016 Vertretung des Lehrstuhls f\u00fcr Neuere deutsche Literatur und Medien an der LMU M\u00fcnchen<\/li>\n\n\n\n<li>10\/2013 Promotion<\/li>\n\n\n\n<li>04\/2008\u201303\/2013 Wissenschaftlicher Mitarbeiter am Institut f\u00fcr deutsche Philologie der LMU M\u00fcnchen<\/li>\n\n\n\n<li>2009\u20132011 Promotionsstipendium der Studienstiftung des deutschen Volkes<\/li>\n\n\n\n<li>2007 Erstes Staatsexamen in den F\u00e4chern Deutsch und Geschichte f\u00fcr das Lehramt an Gymnasien<\/li>\n\n\n\n<li>2001\u20132007 Studium der Germanistik, Geschichte, Philosophie und Semiotik an der LMU, der Hochschule f\u00fcr Philosophie M\u00fcnchen und der Universit\u00e0 di Bologna; Stipendiat der Studienstiftung des deutschen Volkes<\/li>\n<\/ul>\n\n\n\n<h2 class=\"wp-block-heading\">Forschungsprojekte<\/h2>\n\n\n\n<ul class=\"wp-block-list\">\n<li>seit 2025 Leitung des WOC-Labs <em>Konstellationen der Verweigerung<\/em>&nbsp;(mit Prof. Dr. Anja Becker)<\/li>\n\n\n\n<li>seit 2024 Mitglied der Arbeitsgruppe&nbsp;<em>Sozial- und kulturwissenschaftliche Perspektiven auf technische Langfristprojekte<\/em> (gef\u00f6rdert von der Berlin-Brandenburgischen Akademie der Wissenschaften), seit 2025 Sprecher der Unterarbeitsgruppe&nbsp;<em>Zeitdimension<\/em><\/li>\n\n\n\n<li>seit 2023 Mitglied der Arbeitsgruppe&nbsp;<em>Gesellschaftliche Arbeitsteilung in der multiplen Krise<\/em>&nbsp;(gef\u00f6rdert von der Fritz Thyssen Stiftung)<\/li>\n\n\n\n<li>04\u201309\/2023 Fellow am <a href=\"https:\/\/www.kulturwissenschaften.de\/\" target=\"_blank\" rel=\"noopener\">KWI Essen<\/a><\/li>\n\n\n\n<li>03\/2022 Gr\u00fcndung der Forschungsgruppe <a href=\"https:\/\/re-praesentation.de\/\" target=\"_blank\" rel=\"noopener\"><em>Re\/Pr\u00e4sentation<\/em><\/a> mit Prof. Dr. Astrid S\u00e9ville und Prof. Dr. Julian M\u00fcller (gef\u00f6rdert von der Gerda Henkel Stiftung)<\/li>\n\n\n\n<li>10\/2016\u201303\/2017 Junior Researcher in Residence am <a href=\"http:\/\/www.cas.uni-muenchen.de\/index.html\">Center for Advanced Studies<\/a> der LMU M\u00fcnchen<\/li>\n<\/ul>\n\n\n\n<h2 class=\"wp-block-heading\">Gegenw\u00e4rtige Forschungsinteressen<\/h2>\n\n\n\n<ul class=\"wp-block-list\">\n<li>Poetik K\u00fcnstlicher Intelligenz<\/li>\n\n\n\n<li>Politische Kommunikation<\/li>\n\n\n\n<li>(Literarische) Paradoxien<\/li>\n\n\n\n<li>Konstellationen der Verweigerung<\/li>\n\n\n\n<li>Dramatik, insbesondere Kom\u00f6die<\/li>\n\n\n\n<li>Satire<\/li>\n\n\n\n<li>Literatur, Kultur und Medien (mit einem Schwerpunkt auf den deutschsprachigen Raum vom 17. bis ins 19. Jahrhundert)<\/li>\n<\/ul>\n\n\n\n<h2 class=\"wp-block-heading\">Funktionen<\/h2>\n\n\n\n<ul class=\"wp-block-list\">\n<li>seit 2024 Vertrauensdozent der Studienstiftung des deutschen Volkes<\/li>\n\n\n\n<li>2020\u20132023 Programmkoordinator des BA European Languages and Cultures der Universit\u00e4t Groningen<\/li>\n\n\n\n<li>2013\u20132019 Stellvertretender Mittelbauvertreter in der Erweiterten Hochschulleitung der LMU M\u00fcnchen<\/li>\n\n\n\n<li>2011\u20132015 Mittelbauvertreter in der Studienbeitragskommission der Fakult\u00e4t 13 (seit 2013: Studienzuschusskommision)<\/li>\n\n\n\n<li>2012\u20132015 Mittelbauvertreter des Departments 13\/I<\/li>\n\n\n\n<li>2011\u20132012 Stellvertretender Mittelbauvertreter des Departments 13\/I<\/li>\n<\/ul>\n","protected":false},"excerpt":{"rendered":"<p>Vita Forschungsprojekte Gegenw\u00e4rtige Forschungsinteressen Funktionen<\/p>\n","protected":false},"author":1,"featured_media":0,"parent":0,"menu_order":0,"comment_status":"closed","ping_status":"closed","template":"","meta":{"footnotes":""},"class_list":["post-65","page","type-page","status-publish","hentry"],"_links":{"self":[{"href":"https:\/\/christian-kirchmeier.de\/index.php?rest_route=\/wp\/v2\/pages\/65","targetHints":{"allow":["GET"]}}],"collection":[{"href":"https:\/\/christian-kirchmeier.de\/index.php?rest_route=\/wp\/v2\/pages"}],"about":[{"href":"https:\/\/christian-kirchmeier.de\/index.php?rest_route=\/wp\/v2\/types\/page"}],"author":[{"embeddable":true,"href":"https:\/\/christian-kirchmeier.de\/index.php?rest_route=\/wp\/v2\/users\/1"}],"replies":[{"embeddable":true,"href":"https:\/\/christian-kirchmeier.de\/index.php?rest_route=%2Fwp%2Fv2%2Fcomments&post=65"}],"version-history":[{"count":37,"href":"https:\/\/christian-kirchmeier.de\/index.php?rest_route=\/wp\/v2\/pages\/65\/revisions"}],"predecessor-version":[{"id":595,"href":"https:\/\/christian-kirchmeier.de\/index.php?rest_route=\/wp\/v2\/pages\/65\/revisions\/595"}],"wp:attachment":[{"href":"https:\/\/christian-kirchmeier.de\/index.php?rest_route=%2Fwp%2Fv2%2Fmedia&parent=65"}],"curies":[{"name":"wp","href":"https:\/\/api.w.org\/{rel}","templated":true}]}}