{"id":163,"date":"2015-06-20T13:09:25","date_gmt":"2015-06-20T11:09:25","guid":{"rendered":"http:\/\/christian-kirchmeier.de\/?page_id=163"},"modified":"2023-11-07T13:11:24","modified_gmt":"2023-11-07T11:11:24","slug":"impressum","status":"publish","type":"page","link":"https:\/\/christian-kirchmeier.de\/?page_id=163","title":{"rendered":"Impressum"},"content":{"rendered":"<h2>Anschrift<\/h2>\n<p><strong>Prof. Dr. Christian Kirchmeier<\/strong><\/p>\n<p>Universit\u00e4t Bremen<br \/>\nFachbereich 10 \u2013 Sprach- und Literaturwissenschaften<br \/>\nPostfach 33 04 40<br \/>\n28334 Bremen<\/p>\n<p>E-Mail: <a href=\"mailto:christian.kirchmeier@uni-bremen.de\">christian.kirchmeier@uni-bremen.de<\/a><br \/>\nTelefon: +49 (0)421 \/ 218 68 200<\/p>\n<h2>Hinweise zur Haftung<\/h2>\n<p>Keinerlei Gew\u00e4hr f\u00fcr Vollst\u00e4ndigkeit, Richtigkeit und Aktualit\u00e4t. Jegliche Haftung ist ausgeschlossen. Trotz sorgf\u00e4ltiger inhaltlicher Kontrolle \u00fcbernehme ich keine Haftung f\u00fcr die Inhalte externer Links. F\u00fcr den Inhalt der verlinkten Seiten sind ausschlie\u00dflich deren Betreiber verantwortlich.<\/p>\n<h2>Internetseiten<\/h2>\n<p>www.christian-kirchmeier.de<br \/>\nwww.christiankirchmeier.de<\/p>\n","protected":false},"excerpt":{"rendered":"<p>Anschrift Prof. Dr. Christian Kirchmeier Universit\u00e4t Bremen Fachbereich 10 \u2013 Sprach- und Literaturwissenschaften Postfach 33 04 40 28334 Bremen E-Mail: christian.kirchmeier@uni-bremen.de Telefon: +49 (0)421 \/ 218 68 200 Hinweise zur Haftung Keinerlei Gew\u00e4hr f\u00fcr Vollst\u00e4ndigkeit, Richtigkeit und Aktualit\u00e4t. Jegliche Haftung ist ausgeschlossen. Trotz sorgf\u00e4ltiger inhaltlicher Kontrolle \u00fcbernehme ich keine Haftung f\u00fcr die Inhalte externer Links&#8230;.<\/p>\n","protected":false},"author":1,"featured_media":0,"parent":0,"menu_order":0,"comment_status":"closed","ping_status":"closed","template":"","meta":{"footnotes":""},"class_list":["post-163","page","type-page","status-publish","hentry"],"_links":{"self":[{"href":"https:\/\/christian-kirchmeier.de\/index.php?rest_route=\/wp\/v2\/pages\/163","targetHints":{"allow":["GET"]}}],"collection":[{"href":"https:\/\/christian-kirchmeier.de\/index.php?rest_route=\/wp\/v2\/pages"}],"about":[{"href":"https:\/\/christian-kirchmeier.de\/index.php?rest_route=\/wp\/v2\/types\/page"}],"author":[{"embeddable":true,"href":"https:\/\/christian-kirchmeier.de\/index.php?rest_route=\/wp\/v2\/users\/1"}],"replies":[{"embeddable":true,"href":"https:\/\/christian-kirchmeier.de\/index.php?rest_route=%2Fwp%2Fv2%2Fcomments&post=163"}],"version-history":[{"count":3,"href":"https:\/\/christian-kirchmeier.de\/index.php?rest_route=\/wp\/v2\/pages\/163\/revisions"}],"predecessor-version":[{"id":564,"href":"https:\/\/christian-kirchmeier.de\/index.php?rest_route=\/wp\/v2\/pages\/163\/revisions\/564"}],"wp:attachment":[{"href":"https:\/\/christian-kirchmeier.de\/index.php?rest_route=%2Fwp%2Fv2%2Fmedia&parent=163"}],"curies":[{"name":"wp","href":"https:\/\/api.w.org\/{rel}","templated":true}]}}